{"id":201,"date":"2011-09-27T10:55:05","date_gmt":"2011-09-27T10:55:05","guid":{"rendered":"http:\/\/lagoon-marmorino.com\/?page_id=201"},"modified":"2016-02-15T17:31:11","modified_gmt":"2016-02-15T17:31:11","slug":"impressum","status":"publish","type":"page","link":"https:\/\/lagoon-marmorino.com\/?page_id=201","title":{"rendered":"Impressum"},"content":{"rendered":"<p style=\"width: 530px; float: left;\"><em>Die Website und alle darauf verf\u00fcgbaren Daten sind urheberrechtlich gesch\u00fctzt.<br \/>\nWiedergabe nur mit schriftlicher Genehmigung.<br \/>\nDas Copyright 2011 liegt bei der\u00a0BL Media GmbH<\/em><\/p>\n<p>&nbsp;<\/p>\n<p style=\"width: 530px; float: left;\">Firmensitz:<br \/>\nRathausstrasse 14<br \/>\nCH 6340 Baar<br \/>\nTelefon: +41 (0)44\/5865940<br \/>\nTelefon: +49(0)5541 &#8211; 3476025 Servicenummer f\u00fcr Deutschland<br \/>\nTelefax: +41(0)41\/5880653<br \/>\nHandelsregister KG: Amtsgericht G\u00f6ttingen: HRA 200769<br \/>\nHandelsregister GmbH: Amtsgericht : K\u00f6ln HRB 1720<br \/>\nGesch\u00e4ftsf\u00fchrer: Herr Lorenzo Cucco<br \/>\nInhaltlich Verantwortlich: Herr Lorenzo Cucco<\/p>\n<p style=\"width: 530px; float: left;\"><strong>Rechtliche Hinweise, Inhalt des Onlineangebotes<\/strong><br \/>\nDie Firma BL Media GmbH\u00a0(im folgenden Text &#8222;Autor&#8220; genannt) \u00fcbernimmt keinerlei Gew\u00e4hr f\u00fcr die Aktualit\u00e4t, Korrektheit, Vollst\u00e4ndigkeit oder Qualit\u00e4t der bereitgestellten Informationen. Haftungsanspr\u00fcche gegen den Autor, welche sich auf Sch\u00e4den materieller oder ideeller Art beziehen, die durch die Nutzung oder Nichtnutzung der dargebotenen Informationen bzw. durch die Nutzung fehlerhafter und unvollst\u00e4ndiger Informationen verursacht wurden sind grunds\u00e4tzlich ausgeschlossen, sofern seitens des Autors kein nachweislich vors\u00e4tzliches oder grob fahrl\u00e4ssiges Verschulden vorliegt.<br \/>\nAlle Angebote sind freibleibend und unverbindlich. Der Autor beh\u00e4lt es sich ausdr\u00fccklich vor, Teile der Seiten oder das gesamte Angebot ohne gesonderte Ank\u00fcndigung zu ver\u00e4ndern, zu erg\u00e4nzen, zu l\u00f6schen oder die Ver\u00f6ffentlichung zeitweise oder endg\u00fcltig einzustellen.<\/p>\n<p style=\"width: 530px; float: left;\"><strong>Verweise und Links<\/strong><br \/>\nDie BL Media GmbH\u00a0(im folgenden Text &#8222;Autor&#8220; genannt) \u00fcbernimmt keinerlei Gew\u00e4hr f\u00fcr die Aktualit\u00e4t, Korrektheit, Vollst\u00e4ndigkeit oder Qualit\u00e4t der bereitgestellten Informationen. Haftungsanspr\u00fcche gegen den Autor, welche sich auf Sch\u00e4den materieller oder ideeller Art beziehen, die durch die Nutzung oder Nichtnutzung der dargebotenen Informationen bzw. durch die Nutzung fehlerhafter und unvollst\u00e4ndiger Informationen verursacht wurden sind grunds\u00e4tzlich ausgeschlossen, sofern seitens des Autors kein nachweislich vors\u00e4tzliches oder grob fahrl\u00e4ssiges Verschulden vorliegt.<br \/>\nAlle Angebote sind freibleibend und unverbindlich. Der Autor beh\u00e4lt es sich ausdr\u00fccklich vor, Teile der Seiten oder das gesamte Angebot ohne gesonderte Ank\u00fcndigung zu ver\u00e4ndern, zu erg\u00e4nzen, zu l\u00f6schen oder die Ver\u00f6ffentlichung zeitweise oder endg\u00fcltig einzustellen.<\/p>\n<p style=\"width: 530px; float: left;\"><strong>Urheber- und Kennzeichenrecht<\/strong><br \/>\nDer Autor ist bestrebt, in allen Publikationen die Urheberrechte der verwendeten Grafiken, Tondokumente, Videosequenzen und Texte zu beachten, von ihm selbst erstellte Grafiken, Tondokumente, Videosequenzen und Texte zu nutzen oder auf lizenzfreie Grafiken, Tondokumente, Videosequenzen und Texte zur\u00fcckzugreifen. Alle innerhalb des Internetangebotes genannten und ggf. durch Dritte gesch\u00fctzten Markenund Warenzeichen unterliegen uneingeschr\u00e4nkt den Bestimmungen des jeweils g\u00fcltigen Kennzeichenrechts und den Besitzrechten der jeweiligen eingetragenen Eigent\u00fcmer. Allein aufgrund der blo\u00dfen Nennung ist nicht der Schluss zu ziehen, dass Markenzeichen nicht durch Rechte Dritter gesch\u00fctzt sind! Das Copyright f\u00fcr ver\u00f6ffentlichte, vom Autor selbst erstellte Objekte, bleibt<br \/>\nallein beim Autor der Seiten. Eine Vervielf\u00e4ltigung oder Verwendung solcher Grafiken, Tondokumente, Videosequenzen und Texte in anderen elektronischen oder gedruckten Publikationen ist ohne ausdr\u00fcckliche Zustimmung des Autors nicht gestattet.<\/p>\n<p style=\"width: 530px; float: left;\"><strong>Datenschutz<\/strong><br \/>\nSofern innerhalb des Internetangebotes die M\u00f6glichkeit zur Eingabe pers\u00f6nlicher oder gesch\u00e4ftlicher Daten (Emailadressen, Namen, Anschriften) besteht, so erfolgt die Preisgabe dieser Daten seitens des Nutzers auf ausdr\u00fccklich freiwilliger Basis. Die Inanspruchnahme und Bezahlung aller angebotenen Dienste ist &#8211; soweit technisch m\u00f6glich und zumutbar &#8211; auch ohne Angabe solcher Daten bzw. unter Angabe anonymisierter Daten oder eines Pseudonyms gestattet.<br \/>\nPersonenbezogene Daten sind Informationen zu Ihrer Identit\u00e4t. Hierunter fallen z.B. Angaben wie Name, Adresse, Telefonnummer, E-Mail-Adresse. F\u00fcr die Nutzung unserer Internetseite ist es nicht erforderlich, dass Sie personenbezogene Daten preisgeben m\u00fcssen. In bestimmten F\u00e4llen ben\u00f6tigen wir jedoch Ihren Namen und Ihre Adresse sowie weitere Angaben, damit wir die gew\u00fcnschten Dienstleistungen erbringen k\u00f6nnen. Gleiches gilt beispielsweise f\u00fcr die Zusendung von Informationsmaterial und bestellten Waren oder f\u00fcr die Beantwortung individueller Fragen. Wo dies erforderlich ist, weisen wir Sie entsprechend darauf hin. Dar\u00fcber hinaus speichern und verarbeiten wir nur Daten, die Sie uns freiwillig oder automatisch zur Verf\u00fcgung stellen. Sofern Sie Service-Leistungen in<br \/>\nAnspruch nehmen, werden in der Regel nur solche Daten erhoben, die wir zur Erbringung der Leistungen ben\u00f6tigen. Soweit wir Sie um weitergehende Daten bitten, handelt es sich um freiwillige Informationen. Die Verarbeitung personenbezogener Daten erfolgt ausschlie\u00dflich zur Erf\u00fcllung des nachgefragten Service und zur Wahrung eigener berechtigter Gesch\u00e4ftsinteressen.<\/p>\n<p style=\"width: 530px; float: left;\"><strong>Zweckbestimmung der personenbezogenen Daten<\/strong><br \/>\nDie von Ihnen zur Verf\u00fcgung gestellten personenbezogenen Daten verwenden wir im allgemeinen, um Ihre Anfragen zu beantworten, Ihre Auftr\u00e4ge zu bearbeiten oder Ihnen Zugang zu bestimmten Informationen oder Angeboten zu verschaffen. Zur Pflege der Kundenbeziehungen kann es au\u00dferdem erforderlich sein, dass wir oder ein von uns beauftragtes Dienstleistungsunternehmen diese personenbezogenen Daten verwenden, um Sie \u00fcber Produktangebote zu informieren, die f\u00fcr Ihre Gesch\u00e4ftst\u00e4tigkeit n\u00fctzlich sind, oder um Online-Umfragen durchzuf\u00fchren, um den Aufgaben und Anforderungen unserer Kunden besser gerecht zu werden. Selbstverst\u00e4ndlich respektieren wir es, wenn Sie uns Ihre personenbezogenen Daten nicht zur Unterst\u00fctzung unserer Kundenbeziehung (insbesondere f\u00fcr Direktmarketing oder zu Marktforschungszwecken) \u00fcberlassen wollen. Wir werden Ihre personenbezogenen Daten weder an Dritte verkaufen noch anderweitig vermarkten. Zweckgebundene Verwendung Wir werden die von Ihnen online zur Verf\u00fcgung gestellten personenbezogenen Daten nur f\u00fcr die Ihnen mitgeteilten Zwecke erheben, verarbeiten und nutzen. Eine Weitergabe Ihrer<br \/>\npersonenbezogenen Daten an Dritte erfolgt nicht ohne Ihre notwendige Einwilligung. Erhebungen von personenbezogenen Daten sowie deren \u00dcbermittlung an auskunftsberechtigte staatliche Institutionen und Beh\u00f6rden erfolgen nur im Rahmen der einschl\u00e4gigen Gesetze bzw. sofern wir durch eine gerichtliche Entscheidung dazu verpflichtet sind. Unsere Mitarbeiter und die von uns beauftragten Dienstleistungsunternehmen sind von uns zur Verschwiegenheit und zur Einhaltung der Bestimmungen des Bundesdatenschutzgesetzes verpflichtet.<\/p>\n<p style=\"width: 530px; float: left;\"><strong>Nicht personenbezogene Daten, die automatisch erfasst werden<\/strong><br \/>\nBei der Nutzung unserer Internetseiten werden aus organisatorischen und technischen Gr\u00fcnden folgende Daten gespeichert: die Namen der aufgerufenen Seiten, des verwendeten Browsers und des Betriebssystems, Datum und Uhrzeit des Zugangs, verwendete Suchmaschinen, Namen heruntergeladener Dateien und ihre IP-Adresse. Wir werten diese technischen Daten anonym und lediglich zu statistischen Zwecken aus, um unseren Internetauftritt st\u00e4ndig weiter optimieren und unsere Internetangebote noch attraktiver gestalten zu k\u00f6nnen. Diese anonymen Daten werden getrennt von personenbezogenen Informationen auf gesicherten Systemen gespeichert und lassen keine R\u00fcckschl\u00fcsse auf eine individuelle Person zu. Ihre personenbezogenen Daten und Ihre Privatsph\u00e4re sind also<br \/>\njederzeit gesch\u00fctzt.<\/p>\n<p style=\"width: 530px; float: left;\"><strong>Google-Analytics<\/strong><br \/>\nDiese Website benutzt Google Analytics, einen Webanalysedienst der Google Inc. (&#8222;Google&#8220;) Google Analytics verwendet sog. &#8222;Cookies&#8220;, Textdateien, die auf Ihrem Computer gespeichert werden und die eine Analyse der Benutzung der Website durch Sie erm\u00f6glicht. Die durch den Cookie erzeugten Informationen \u00fcber Ihre Benutzung diese Website (einschlie\u00dflich Ihrer IP-Adresse) wird an einen Server von Google in den USA \u00fcbertragen und dort gespeichert. Google wird diese Informationen benutzen, um Ihre Nutzung der Website auszuwerten, um Reports \u00fcber die Websiteaktivit\u00e4ten f\u00fcr die Websitebetreiber zusammenzustellen und um weitere mit der Websitenutzung und der Internetnutzung verbundene Dienstleistungen zu erbringen. Auch wird Google diese Informationen gegebenenfalls an Dritte \u00fcbertragen, sofern dies gesetzlich vorgeschrieben oder soweit Dritte diese Daten im Auftrag von Google verarbeiten. Google wird in keinem Fall Ihre IP-Adresse mit anderen Daten der Google in Verbindung bringen. Sie k\u00f6nnen die Installation der Cookies durch eine entsprechende Einstellung Ihrer Browser Software verhindern; wir weisen Sie jedoch darauf hin, dass Sie in diesem Fall gegebenenfalls nicht s\u00e4mtliche Funktionen dieser Website voll umf\u00e4nglich nutzen k\u00f6nnen. Durch die Nutzung dieser Website erkl\u00e4ren Sie sich mit der Bearbeitung der \u00fcber Sie erhobenen Daten durch Google in der zuvor beschriebenen Art und Weise und zu dem zuvor benannten Zweck einverstanden.<\/p>\n<p style=\"width: 530px; float: left;\"><strong>Cookies<\/strong><br \/>\nWenn Sie eine unserer Websites besuchen, kann es sein, dass wir Informationen in Form eines Cookies auf Ihrem Computer ablegen. Cookies sind kleine Text-Dateien, die von einem Webserver an Ihren Browser gesendet und auf die Festplatte Ihres Computers gespeichert werden. Dabei werden keinerlei pers\u00f6nliche Daten des Nutzers gespeichert, sondern nur die Internetprotokoll\u2013Adresse. Diese Informationen dienen dazu, Sie bei Ihrem n\u00e4chsten Besuch auf unseren Websites automatisch wiederzuerkennen und Ihnen die Navigation zu erleichtern. Cookies erlauben es uns beispielsweise, eine Website Ihren Interessen anzupassen oder Ihr Kennwort zu speichern, damit Sie es nicht jedes Mal neu eingeben m\u00fcssen. Selbstverst\u00e4ndlich k\u00f6nnen Sie unsere Websites auch ohne Cookies betrachten. Wenn Sie nicht m\u00f6chten, dass wir Ihren Computer wiedererkennen, k\u00f6nnen das Speichern von Cookies auf Ihrer Festplatte verhindern, indem Sie in Ihren Browser-Einstellungen &#8222;keine Cookies<br \/>\nakzeptieren&#8220; w\u00e4hlen. Wie das im einzelnen funktioniert, entnehmen Sie bitte der Anleitung Ihres Browser-Herstellers. Wenn Sie keine Cookies akzeptieren, kann dieses aber zu Funktionseinschr\u00e4nkungen unserer Angebote f\u00fchren.<\/p>\n<p style=\"width: 530px; float: left;\"><strong>Kinder<\/strong><br \/>\nPersonen unter 18 Jahren sollten ohne Zustimmung der Eltern oder Erziehungsberechtigten keine personenbezogenen Daten an uns \u00fcbermitteln. Wir fordern keine personenbezogenen Daten von Kindern und Jugendlichen an, sammeln diese nicht und geben sie nicht an Dritte weiter.<\/p>\n<p style=\"width: 530px; float: left;\"><strong>Sicherheit<\/strong><br \/>\nWir haben technische und organisatorische Sicherheitsma\u00dfnahmen getroffen, um Ihre personenbezogenen Daten vor Verlust, Zerst\u00f6rung, Manipulation und unberechtigten Zugriff zu sch\u00fctzen. Alle unserer Mitarbeiter und alle an der Datenverarbeitung beteiligten Dritten sind auf das Bundesdatenschutzgesetz und den vertraulichen Umgang mit personenbezogenen Daten verpflichtet. Im Falle der Erhebung und Verarbeitung pers\u00f6nlicher Daten werden die Informationen in verschl\u00fcsselter Form \u00fcbertragen, um einem Missbrauch der Daten durch Dritte vorzubeugen. Unsere Sicherungsma\u00dfnahmen werden entsprechend der technologischen Entwicklung fortlaufend \u00fcberarbeitet.<\/p>\n<p style=\"width: 530px; float: left;\"><strong>\u00c4nderung unserer Datenschutzbestimmungen<\/strong><br \/>\nWir behalten uns das Recht vor, unsere Sicherheits- und Datenschutzma\u00dfnahmen zu ver\u00e4ndern, soweit dies wegen der technischen Entwicklung erforderlich wird. In diesen F\u00e4llen werden wir auch unsere Hinweise zum Datenschutz entsprechend anpassen. Bitte beachten Sie daher die jeweils aktuelle Version unserer Datenschutzerkl\u00e4rung.<\/p>\n<p style=\"width: 530px; float: left;\"><strong>Links<\/strong><br \/>\nSofern Sie externe Links nutzen, die im Rahmen unserer Internetseiten angeboten werden, erstreckt sich diese Datenschutzerkl\u00e4rung nicht auf diese Links. Wenn wir Links anbieten, bem\u00fchen wir uns sicherzustellen, dass auch diese unserer Datenschutz- und Sicherheitsstandards einhalten. Wir haben jedoch keinen Einfluss auf die Einhaltung der Datenschutz und Sicherheitsbestimmungen durch andere Anbieter. Informieren Sie sich deshalb bitte auf den Internetseiten der anderen Anbieter auch \u00fcber die dort bereitgestellten Datenschutzerkl\u00e4rungen.<\/p>\n<p style=\"width: 530px; float: left;\"><strong>Auskunftsrecht<\/strong><br \/>\nSie k\u00f6nnen jederzeit Auskunft \u00fcber die von uns \u00fcber Sie gespeicherten Daten bekommen. Bei Bedarf schreiben Sie bitte an die im Impressum genannte Adresse oder senden Sie eine EMail an info@cupe-eis.de<\/p>\n<p style=\"width: 530px; float: left;\"><strong>Rechtswirksamkeit dieses Haftungsausschlusses<\/strong><br \/>\nDieser Haftungsausschluss ist als Teil des Internetangebotes zu betrachten, von dem aus auf diese Seite verwiesen wurde. Sofern Teile oder einzelne Formulierungen dieses Textes der geltenden Rechtslage nicht, nicht mehr oder nicht vollst\u00e4ndig entsprechen sollten, bleiben die \u00fcbrigen Teile des Dokumentes in ihrem Inhalt und ihrer G\u00fcltigkeit davon unber\u00fchrt.<\/p>\n<p>\u00a0 \u00a0Baar, 10.02.2016<\/p>\n<p style=\"width: 530px; float: left;\"><a href=\"https:\/\/lagoon-marmorino.com\/\">Zur\u00fcck zur Startseite<\/a><\/p>\n","protected":false},"excerpt":{"rendered":"<p>Die Website und alle darauf verf\u00fcgbaren Daten sind urheberrechtlich gesch\u00fctzt. Wiedergabe nur mit schriftlicher Genehmigung. Das Copyright 2011 liegt bei&#8230;<\/p>\n","protected":false},"author":3,"featured_media":0,"parent":0,"menu_order":0,"comment_status":"open","ping_status":"closed","template":"","meta":{"ngg_post_thumbnail":0},"_links":{"self":[{"href":"https:\/\/lagoon-marmorino.com\/index.php?rest_route=\/wp\/v2\/pages\/201"}],"collection":[{"href":"https:\/\/lagoon-marmorino.com\/index.php?rest_route=\/wp\/v2\/pages"}],"about":[{"href":"https:\/\/lagoon-marmorino.com\/index.php?rest_route=\/wp\/v2\/types\/page"}],"author":[{"embeddable":true,"href":"https:\/\/lagoon-marmorino.com\/index.php?rest_route=\/wp\/v2\/users\/3"}],"replies":[{"embeddable":true,"href":"https:\/\/lagoon-marmorino.com\/index.php?rest_route=%2Fwp%2Fv2%2Fcomments&post=201"}],"version-history":[{"count":45,"href":"https:\/\/lagoon-marmorino.com\/index.php?rest_route=\/wp\/v2\/pages\/201\/revisions"}],"predecessor-version":[{"id":984,"href":"https:\/\/lagoon-marmorino.com\/index.php?rest_route=\/wp\/v2\/pages\/201\/revisions\/984"}],"wp:attachment":[{"href":"https:\/\/lagoon-marmorino.com\/index.php?rest_route=%2Fwp%2Fv2%2Fmedia&parent=201"}],"curies":[{"name":"wp","href":"https:\/\/api.w.org\/{rel}","templated":true}]}}